{"id":1441,"date":"2021-12-13T08:57:31","date_gmt":"2021-12-13T08:57:31","guid":{"rendered":"https:\/\/kadence.pixel-show.com\/wooden-craft\/?page_id=14"},"modified":"2024-03-17T21:33:52","modified_gmt":"2024-03-17T20:33:52","slug":"about","status":"publish","type":"page","link":"https:\/\/cavus-dienstleistungen.de\/?page_id=1441","title":{"rendered":"About"},"content":{"rendered":"\t\t<div data-elementor-type=\"wp-page\" data-elementor-id=\"1441\" class=\"elementor elementor-1441\">\n\t\t\t\t\t\t<section class=\"elementor-section elementor-top-section elementor-element elementor-element-28da572 elementor-section-boxed elementor-section-height-default elementor-section-height-default\" data-id=\"28da572\" data-element_type=\"section\" data-e-type=\"section\" data-settings=\"{&quot;background_background&quot;:&quot;classic&quot;}\">\n\t\t\t\t\t\t\t<div class=\"elementor-background-overlay\"><\/div>\n\t\t\t\t\t\t\t<div class=\"elementor-container elementor-column-gap-default\">\n\t\t\t\t\t<div class=\"elementor-column elementor-col-100 elementor-top-column elementor-element elementor-element-96d3cba\" data-id=\"96d3cba\" data-element_type=\"column\" data-e-type=\"column\">\n\t\t\t<div class=\"elementor-widget-wrap elementor-element-populated\">\n\t\t\t\t\t\t<div class=\"elementor-element elementor-element-26c7453 elementor-widget-divider--view-line elementor-widget elementor-widget-divider\" data-id=\"26c7453\" data-element_type=\"widget\" data-e-type=\"widget\" data-widget_type=\"divider.default\">\n\t\t\t\t<div class=\"elementor-widget-container\">\n\t\t\t\t\t\t\t<div class=\"elementor-divider\">\n\t\t\t<span class=\"elementor-divider-separator\">\n\t\t\t\t\t\t<\/span>\n\t\t<\/div>\n\t\t\t\t\t\t<\/div>\n\t\t\t\t<\/div>\n\t\t\t\t<div class=\"elementor-element elementor-element-fc35c29 elementor-widget elementor-widget-heading\" data-id=\"fc35c29\" data-element_type=\"widget\" data-e-type=\"widget\" data-widget_type=\"heading.default\">\n\t\t\t\t<div class=\"elementor-widget-container\">\n\t\t\t\t\t<h1 class=\"elementor-heading-title elementor-size-default\">\u00dcber Uns<\/h1>\t\t\t\t<\/div>\n\t\t\t\t<\/div>\n\t\t\t\t<div class=\"elementor-element elementor-element-3f593bc elementor-widget elementor-widget-text-editor\" data-id=\"3f593bc\" data-element_type=\"widget\" data-e-type=\"widget\" data-widget_type=\"text-editor.default\">\n\t\t\t\t<div class=\"elementor-widget-container\">\n\t\t\t\t\t\t\t\t\t<h5 style=\"color: #ffffff;\">\u00a0Wir sind Ihr professioneller Dienstleister f\u00fcr die Instandhaltung und Reinigung von Geb\u00e4uden, Wohnanlagen und Gewerbeimmobilien.<\/h5>\t\t\t\t\t\t\t\t<\/div>\n\t\t\t\t<\/div>\n\t\t\t\t\t<\/div>\n\t\t<\/div>\n\t\t\t\t\t<\/div>\n\t\t<\/section>\n\t\t\t\t<section class=\"elementor-section elementor-top-section elementor-element elementor-element-efc6505 elementor-section-boxed elementor-section-height-default elementor-section-height-default\" data-id=\"efc6505\" data-element_type=\"section\" data-e-type=\"section\" data-settings=\"{&quot;background_background&quot;:&quot;classic&quot;}\">\n\t\t\t\t\t\t\t<div class=\"elementor-background-overlay\"><\/div>\n\t\t\t\t\t\t\t<div class=\"elementor-container elementor-column-gap-default\">\n\t\t\t\t\t<div class=\"elementor-column elementor-col-100 elementor-top-column elementor-element elementor-element-dd2751e\" data-id=\"dd2751e\" data-element_type=\"column\" data-e-type=\"column\">\n\t\t\t<div class=\"elementor-widget-wrap elementor-element-populated\">\n\t\t\t\t\t\t<div class=\"elementor-element elementor-element-48e6e0f elementor-widget elementor-widget-heading\" data-id=\"48e6e0f\" data-element_type=\"widget\" data-e-type=\"widget\" data-widget_type=\"heading.default\">\n\t\t\t\t<div class=\"elementor-widget-container\">\n\t\t\t\t\t<h6 class=\"elementor-heading-title elementor-size-default\">Testimonial<\/h6>\t\t\t\t<\/div>\n\t\t\t\t<\/div>\n\t\t\t\t\t<\/div>\n\t\t<\/div>\n\t\t\t\t\t<\/div>\n\t\t<\/section>\n\t\t<div class=\"elementor-element elementor-element-36df40c e-flex e-con-boxed e-con e-parent\" data-id=\"36df40c\" data-element_type=\"container\" data-e-type=\"container\" data-settings=\"{&quot;background_background&quot;:&quot;classic&quot;}\">\n\t\t\t\t\t<div class=\"e-con-inner\">\n\t\t\t\t<div class=\"elementor-element elementor-element-f9221a3 elementor-position-left elementor-vertical-align-middle elementor-widget elementor-widget-image-box\" data-id=\"f9221a3\" data-element_type=\"widget\" data-e-type=\"widget\" data-widget_type=\"image-box.default\">\n\t\t\t\t<div class=\"elementor-widget-container\">\n\t\t\t\t\t<div class=\"elementor-image-box-wrapper\"><figure class=\"elementor-image-box-img\"><img fetchpriority=\"high\" decoding=\"async\" width=\"1122\" height=\"1711\" src=\"https:\/\/cavus-dienstleistungen.de\/wp-content\/uploads\/2024\/03\/WhatsApp-Image-2024-03-17-at-18.13.37-1.jpeg\" class=\"attachment-full size-full wp-image-1958\" alt=\"\" srcset=\"https:\/\/cavus-dienstleistungen.de\/wp-content\/uploads\/2024\/03\/WhatsApp-Image-2024-03-17-at-18.13.37-1.jpeg 1122w, https:\/\/cavus-dienstleistungen.de\/wp-content\/uploads\/2024\/03\/WhatsApp-Image-2024-03-17-at-18.13.37-1-197x300.jpeg 197w, https:\/\/cavus-dienstleistungen.de\/wp-content\/uploads\/2024\/03\/WhatsApp-Image-2024-03-17-at-18.13.37-1-671x1024.jpeg 671w, https:\/\/cavus-dienstleistungen.de\/wp-content\/uploads\/2024\/03\/WhatsApp-Image-2024-03-17-at-18.13.37-1-768x1171.jpeg 768w, https:\/\/cavus-dienstleistungen.de\/wp-content\/uploads\/2024\/03\/WhatsApp-Image-2024-03-17-at-18.13.37-1-1007x1536.jpeg 1007w, https:\/\/cavus-dienstleistungen.de\/wp-content\/uploads\/2024\/03\/WhatsApp-Image-2024-03-17-at-18.13.37-1-600x915.jpeg 600w\" sizes=\"(max-width: 1122px) 100vw, 1122px\" \/><\/figure><div class=\"elementor-image-box-content\"><p class=\"elementor-image-box-description\">\"Willkommen bei Cavus Dienstleistungen! Wir sind stolz darauf, Ihnen unser Familienunternehmen vorzustellen, das von Serhan Cavus geleitet wird. Seit unserer Gr\u00fcndung haben wir uns auf die Bereiche Bodenverlegung, Geb\u00e4udereinigung und Malerarbeiten spezialisiert und bieten Ihnen dabei erstklassige Handwerkskunst und Servicequalit\u00e4t.<br>\n<br>\nUnsere Geschichte ist gepr\u00e4gt von einer tiefen Leidenschaft f\u00fcr Handwerkskunst und einem starken Engagement f\u00fcr Kundenzufriedenheit. Mit jeder Aufgabe, die wir \u00fcbernehmen, streben wir danach, Ihre Erwartungen zu \u00fcbertreffen und Ihnen ein Zuhause oder eine Gesch\u00e4ftsumgebung zu schaffen, die nicht nur sch\u00f6n anzusehen, sondern auch funktional und langlebig ist.<br>\n<br>\nAls junges Familienunternehmen wissen wir, wie wichtig es ist, eine pers\u00f6nliche Note in unsere Arbeit zu integrieren. Wir nehmen uns die Zeit, Ihre Bed\u00fcrfnisse und W\u00fcnsche zu verstehen, und arbeiten eng mit Ihnen zusammen, um ma\u00dfgeschneiderte L\u00f6sungen zu entwickeln, die perfekt zu Ihrem Stil und Ihrem Budget passen.<br>\n<br>\nBei Cavus Dienstleistungen geht es nicht nur um das Verlegen von B\u00f6den, Reinigen von Geb\u00e4uden oder Streichen von W\u00e4nden. Es geht darum, Ihnen ein St\u00fcck Zuhause zu schaffen, das Sie lieben und in dem Sie sich wohl f\u00fchlen. Wir freuen uns darauf, mit Ihnen zusammenzuarbeiten und Ihre Visionen Wirklichkeit werden zu lassen. Kontaktieren Sie uns noch heute, um mehr dar\u00fcber zu erfahren, wie wir Ihnen helfen k\u00f6nnen!\"<\/p><\/div><\/div>\t\t\t\t<\/div>\n\t\t\t\t<\/div>\n\t\t\t\t\t<\/div>\n\t\t\t\t<\/div>\n\t\t\t\t<section class=\"elementor-section elementor-top-section elementor-element elementor-element-6cd9559 elementor-section-boxed elementor-section-height-default elementor-section-height-default\" data-id=\"6cd9559\" data-element_type=\"section\" data-e-type=\"section\" data-settings=\"{&quot;background_background&quot;:&quot;classic&quot;}\">\n\t\t\t\t\t\t\t<div class=\"elementor-background-overlay\"><\/div>\n\t\t\t\t\t\t\t<div class=\"elementor-container elementor-column-gap-default\">\n\t\t\t\t\t<div class=\"elementor-column elementor-col-100 elementor-top-column elementor-element elementor-element-29fba3a\" data-id=\"29fba3a\" data-element_type=\"column\" data-e-type=\"column\">\n\t\t\t<div class=\"elementor-widget-wrap elementor-element-populated\">\n\t\t\t\t\t\t<div class=\"elementor-element elementor-element-ffb7a43 elementor-widget elementor-widget-heading\" data-id=\"ffb7a43\" data-element_type=\"widget\" data-e-type=\"widget\" data-widget_type=\"heading.default\">\n\t\t\t\t<div class=\"elementor-widget-container\">\n\t\t\t\t\t<h6 class=\"elementor-heading-title elementor-size-default\">Testimonial<\/h6>\t\t\t\t<\/div>\n\t\t\t\t<\/div>\n\t\t\t\t\t<\/div>\n\t\t<\/div>\n\t\t\t\t\t<\/div>\n\t\t<\/section>\n\t\t\t\t<\/div>\n\t\t","protected":false},"excerpt":{"rendered":"<p>\u00dcber Uns \u00a0Wir sind Ihr professioneller Dienstleister f\u00fcr die Instandhaltung und Reinigung von Geb\u00e4uden, Wohnanlagen und Gewerbeimmobilien. Testimonial &#8220;Willkommen bei Cavus Dienstleistungen! Wir sind stolz darauf, Ihnen unser Familienunternehmen vorzustellen, das von Serhan Cavus geleitet wird. Seit unserer Gr\u00fcndung haben wir uns auf die Bereiche Bodenverlegung, Geb\u00e4udereinigung und Malerarbeiten spezialisiert und bieten Ihnen dabei erstklassige&#8230;<\/p>\n","protected":false},"author":1,"featured_media":1397,"parent":0,"menu_order":0,"comment_status":"closed","ping_status":"closed","template":"","meta":{"_kadence_starter_templates_imported_post":true,"_kad_post_transparent":"","_kad_post_title":"hide","_kad_post_layout":"fullwidth","_kad_post_sidebar_id":"","_kad_post_content_style":"unboxed","_kad_post_vertical_padding":"hide","_kad_post_feature":"hide","_kad_post_feature_position":"","_kad_post_header":false,"_kad_post_footer":false,"_kad_post_classname":"","footnotes":""},"class_list":["post-1441","page","type-page","status-publish","has-post-thumbnail","hentry"],"_hostinger_reach_plugin_has_subscription_block":false,"_hostinger_reach_plugin_is_elementor":false,"_links":{"self":[{"href":"https:\/\/cavus-dienstleistungen.de\/index.php?rest_route=\/wp\/v2\/pages\/1441","targetHints":{"allow":["GET"]}}],"collection":[{"href":"https:\/\/cavus-dienstleistungen.de\/index.php?rest_route=\/wp\/v2\/pages"}],"about":[{"href":"https:\/\/cavus-dienstleistungen.de\/index.php?rest_route=\/wp\/v2\/types\/page"}],"author":[{"embeddable":true,"href":"https:\/\/cavus-dienstleistungen.de\/index.php?rest_route=\/wp\/v2\/users\/1"}],"replies":[{"embeddable":true,"href":"https:\/\/cavus-dienstleistungen.de\/index.php?rest_route=%2Fwp%2Fv2%2Fcomments&post=1441"}],"version-history":[{"count":54,"href":"https:\/\/cavus-dienstleistungen.de\/index.php?rest_route=\/wp\/v2\/pages\/1441\/revisions"}],"predecessor-version":[{"id":2053,"href":"https:\/\/cavus-dienstleistungen.de\/index.php?rest_route=\/wp\/v2\/pages\/1441\/revisions\/2053"}],"wp:featuredmedia":[{"embeddable":true,"href":"https:\/\/cavus-dienstleistungen.de\/index.php?rest_route=\/wp\/v2\/media\/1397"}],"wp:attachment":[{"href":"https:\/\/cavus-dienstleistungen.de\/index.php?rest_route=%2Fwp%2Fv2%2Fmedia&parent=1441"}],"curies":[{"name":"wp","href":"https:\/\/api.w.org\/{rel}","templated":true}]}}